{"id":812,"date":"2015-12-28T23:56:56","date_gmt":"2015-12-28T15:56:56","guid":{"rendered":"https:\/\/jewel-wp.web-test.pw\/?page_id=812"},"modified":"2022-07-07T16:58:35","modified_gmt":"2022-07-07T08:58:35","slug":"privacy","status":"publish","type":"page","link":"https:\/\/jewel-cafe.my\/ms\/privacy\/","title":{"rendered":"PRIVACY POLICY"},"content":{"rendered":"<div class=\"privacy\">\n<div class=\"mv_s\"><img decoding=\"async\" src=\"https:\/\/jewel-cafe.my\/ms\/wp-content\/themes\/new_jewel_ms\/img\/privacy\/mv.png\" alt=\"\"><\/div>\nJewel Caf\u00e9 protects your personal details and will not disclose it to third party. Please refer to the reason to collect the personal details as following. It mentioned Jewel caf\u00e9 will handle and collect your personal details on our own.\n<dl class=\"clearfix\">\n \t<dt>1.Reason of Collection:<\/dt>\n \t<dt>Your privacy is importance to us and we will not disclose your information to third party unless required by law. The reason of collection your personal data is to provide good customer service, and safe keeping for required by law. By using services of Jewel Caf\u00e9, you agreed the information provided is correct and you have read through our term and conditions. Please note, we may use your information to send our promotional information, new products or services, events and etc.<\/dt>\n<\/dl>\n<dl class=\"clearfix\">\n \t<dt>2.Personal Details:<\/dt>\n \t<dd>You have to provide your personal details such as Full Name, Contact No., Identity Card No.\/Passport No.\/ Driving License, Address, and other verification documents.<\/dd>\n<\/dl>\n<dl class=\"clearfix\">\n \t<dt>3.You agreed Jewel Caf\u00e9 use your provided information such as Date and Time, Place, Company &amp; Method:<\/dt>\n \t<dd>(1) Date and Time: The company\u2019s existing period or order in accordance with law.\n\n(2) Place: Malaysia\n\n(3) Company: Jewel Caf\u00e9, Branches of Jewel Caf\u00e9, any agency or cooperation with Jewel Caf\u00e9, Tax authorities and government.\n\n(4) Methods: Jewel Caf\u00e9 or our agency will use your personal contacts such as Telephone No., E-Mail, SMS to promote our events, promotional information.<\/dd>\n<\/dl>\n<dl class=\"clearfix\">\n \t<dt>4.Your privileges:<\/dt>\n \t<dd>(1)You can consult, requested for the customer copy, Jewel Caf\u00e9 needs to requested for the processing fees.\n\n(2) You needs to requested for replenish or corrections of your personal information.\n\n(3) You need to requested Jewel Caf\u00e9 to stop collecting, handle or use or requested to cancel your personal details.<\/dd>\n<\/dl>\n<dl class=\"clearfix\">\n \t<dt>5 Jewel Caf\u00e9 will promote sales or event by using your provided personal information. Jewel Caf\u00e9 has the right to promote during the existing period or order in accordance with law.<\/dt>\n<\/dl>\n<dl class=\"clearfix\">\n \t<dt>6.<\/dt>\n \t<dd>. When the existing period is expired or on the due date, you are agreed Jewel Caf\u00e9 keep , handle and collect your personal details. If they is others than Jewel Caf\u00e9, branches, any agency and cooperation with Jewel Caf\u00e9, tax authorities and government using your personal details, you can requested to stop collecting and keep or using your<\/dd>\n<\/dl>\n<dl class=\"clearfix\">\n \t<dt>7.<\/dt>\n \t<dd>You have the right to choose to provide your personal information and allowed Jewel Caf\u00e9 to collecting and using on it. Jewel Caf\u00e9 has the right to not servicing you if your personal information is not completed, or fake information\/ fake personal details. Sorry for inconvenience caused.<\/dd>\n<\/dl>\n<dl class=\"clearfix\">\n \t<dt>8.<\/dt>\n \t<dd>You are clearly understand and agreed the Personal Policy and the requirements of Law and regulations. You are agreed that your personal information will be kept and collecting by Jewel caf\u00e9.<\/dd>\n<\/dl>\n<table>\n<tbody>\n<tr>\n<th> &lt; Customer Service &gt;\nCrane Central Sdn. Bhd.\nEmail\uff1a<a href=\"mailto:jewel-cafe-au2@crane-a.co.jp\">jewel-cafe-au2@crane-a.co.jp<\/a><\/th>\n<td>Created\uff1aYear 2007, 1st May\nEdited\uff1aYear 2016, 12th July\nCrane Central Sdn. Bhd.\nPerson In-Charge: Akira Yamamura<\/td>\n<\/tr>\n<\/tbody>\n<\/table>\n<\/div>","protected":false},"excerpt":{"rendered":"Jewel Caf\u00e9 protects your personal details and will not disclose it to third party. Please refer to the reason to collect the personal details as following. It mentioned Jewel caf\u00e9 will handle and collect your personal details on our own. 1.Reason of Collection: Your privacy is importance to us and we will not disclose your\u2026","protected":false},"author":1,"featured_media":0,"parent":0,"menu_order":0,"comment_status":"closed","ping_status":"closed","template":"page-privacy.php","meta":[],"tags":[],"acf":[],"aioseo_notices":[],"_links":{"self":[{"href":"https:\/\/jewel-cafe.my\/ms\/wp-json\/wp\/v2\/pages\/812"}],"collection":[{"href":"https:\/\/jewel-cafe.my\/ms\/wp-json\/wp\/v2\/pages"}],"about":[{"href":"https:\/\/jewel-cafe.my\/ms\/wp-json\/wp\/v2\/types\/page"}],"author":[{"embeddable":true,"href":"https:\/\/jewel-cafe.my\/ms\/wp-json\/wp\/v2\/users\/1"}],"replies":[{"embeddable":true,"href":"https:\/\/jewel-cafe.my\/ms\/wp-json\/wp\/v2\/comments?post=812"}],"version-history":[{"count":17,"href":"https:\/\/jewel-cafe.my\/ms\/wp-json\/wp\/v2\/pages\/812\/revisions"}],"predecessor-version":[{"id":116321,"href":"https:\/\/jewel-cafe.my\/ms\/wp-json\/wp\/v2\/pages\/812\/revisions\/116321"}],"wp:attachment":[{"href":"https:\/\/jewel-cafe.my\/ms\/wp-json\/wp\/v2\/media?parent=812"}],"wp:term":[{"taxonomy":"post_tag","embeddable":true,"href":"https:\/\/jewel-cafe.my\/ms\/wp-json\/wp\/v2\/tags?post=812"}],"curies":[{"name":"wp","href":"https:\/\/api.w.org\/{rel}","templated":true}]}}